{"id":1216,"date":"2023-02-17T09:14:40","date_gmt":"2023-02-17T08:14:40","guid":{"rendered":"https:\/\/prostor.kranj.si\/?page_id=1216"},"modified":"2023-02-17T09:24:15","modified_gmt":"2023-02-17T08:24:15","slug":"navodila-za-uporabo-javnega-prostorskega-pregledovalnika","status":"publish","type":"page","link":"https:\/\/prostor.kranj.si\/?page_id=1216","title":{"rendered":"Navodila za uporabo javnega prostorskega pregledovalnika"},"content":{"rendered":"\t\t<div data-elementor-type=\"wp-page\" data-elementor-id=\"1216\" class=\"elementor elementor-1216\">\n\t\t\t\t\t\t<section class=\"elementor-section elementor-top-section elementor-element elementor-element-94cf45a elementor-section-boxed elementor-section-height-default elementor-section-height-default\" data-id=\"94cf45a\" data-element_type=\"section\" data-e-type=\"section\">\n\t\t\t\t\t\t<div class=\"elementor-container elementor-column-gap-default\">\n\t\t\t\t\t<div class=\"elementor-column elementor-col-100 elementor-top-column elementor-element elementor-element-182fcee\" data-id=\"182fcee\" data-element_type=\"column\" data-e-type=\"column\">\n\t\t\t<div class=\"elementor-widget-wrap elementor-element-populated\">\n\t\t\t\t\t\t<div class=\"elementor-element elementor-element-9011403 elementor-widget elementor-widget-text-editor\" data-id=\"9011403\" data-element_type=\"widget\" data-e-type=\"widget\" data-widget_type=\"text-editor.default\">\n\t\t\t\t<div class=\"elementor-widget-container\">\n\t\t\t\t\t\t\t\t\t<p>Prostorski portal Mestne ob\u010dine Kranj je zbirka interaktivnih tematskih zemljevidov z razli\u010dnimi tematikami, kot so namenska raba prostora in obmo\u010dja prostorskih aktov, prikaz stanja prostora, prikaz lokacij sistema KRsKOLESOM, prikaz cestnih zapor v Mestni ob\u010dini Kranj, prikaz javnih parkiri\u0161\u010d itd.<\/p><ol><li>Prikaz grafi\u010dnega pregledovalnika<\/li><\/ol><p>S klikom na enega od tematskih zemljevidov se nam odpre prostorski pregledovalnik, kot je prikazano na spodnji sliki.<\/p><p>\u00a0<\/p>\t\t\t\t\t\t\t\t<\/div>\n\t\t\t\t<\/div>\n\t\t\t\t<div class=\"elementor-element elementor-element-376aabe elementor-widget elementor-widget-image\" data-id=\"376aabe\" data-element_type=\"widget\" data-e-type=\"widget\" data-widget_type=\"image.default\">\n\t\t\t\t<div class=\"elementor-widget-container\">\n\t\t\t\t\t\t\t\t\t\t\t\t\t\t\t<img fetchpriority=\"high\" decoding=\"async\" width=\"640\" height=\"349\" src=\"https:\/\/prostor.kranj.si\/wp-content\/uploads\/2023\/02\/slika1.png\" class=\"attachment-large size-large wp-image-1218\" alt=\"\" srcset=\"https:\/\/prostor.kranj.si\/wp-content\/uploads\/2023\/02\/slika1.png 1866w, https:\/\/prostor.kranj.si\/wp-content\/uploads\/2023\/02\/slika1-1500x818.png 1500w, https:\/\/prostor.kranj.si\/wp-content\/uploads\/2023\/02\/slika1-768x419.png 768w, https:\/\/prostor.kranj.si\/wp-content\/uploads\/2023\/02\/slika1-1536x838.png 1536w\" sizes=\"(max-width: 640px) 100vw, 640px\" \/>\t\t\t\t\t\t\t\t\t\t\t\t\t\t\t<\/div>\n\t\t\t\t<\/div>\n\t\t\t\t<div class=\"elementor-element elementor-element-affced8 elementor-widget elementor-widget-text-editor\" data-id=\"affced8\" data-element_type=\"widget\" data-e-type=\"widget\" data-widget_type=\"text-editor.default\">\n\t\t\t\t<div class=\"elementor-widget-container\">\n\t\t\t\t\t\t\t\t\t<p><span style=\"font-size: 14.4px; font-style: inherit; font-weight: inherit; text-indent: -18pt; color: var( --e-global-color-text ); font-family: var( --e-global-typography-text-font-family ), Sans-serif;\">2. Iskanje po naslovu<\/span><\/p><p style=\"text-align: justify;\">Prostorski pregledovalnik omogo\u010da iskanje po naslovu in parceli. V kolikor \u017eelite iskati po naslovu, v iskalno okno vpi\u0161ete \u017eeljeni naslov. S klikom na iskani naslov \u0161e potrdimo izbiro in pregledovalnik nas pribli\u017ea na iskano lokacijo.<\/p>\t\t\t\t\t\t\t\t<\/div>\n\t\t\t\t<\/div>\n\t\t\t\t<div class=\"elementor-element elementor-element-708b2d9 elementor-widget elementor-widget-image\" data-id=\"708b2d9\" data-element_type=\"widget\" data-e-type=\"widget\" data-widget_type=\"image.default\">\n\t\t\t\t<div class=\"elementor-widget-container\">\n\t\t\t\t\t\t\t\t\t\t\t\t\t\t\t<img decoding=\"async\" width=\"235\" height=\"296\" src=\"https:\/\/prostor.kranj.si\/wp-content\/uploads\/2023\/02\/slika2.png\" class=\"attachment-large size-large wp-image-1219\" alt=\"\" \/>\t\t\t\t\t\t\t\t\t\t\t\t\t\t\t<\/div>\n\t\t\t\t<\/div>\n\t\t\t\t<div class=\"elementor-element elementor-element-5d6eae7 elementor-widget elementor-widget-text-editor\" data-id=\"5d6eae7\" data-element_type=\"widget\" data-e-type=\"widget\" data-widget_type=\"text-editor.default\">\n\t\t\t\t<div class=\"elementor-widget-container\">\n\t\t\t\t\t\t\t\t\t<p>3. Iskanje po parceli<\/p><p>S klikom na gumb <img decoding=\"async\" class=\"alignnone size-full wp-image-1220\" src=\"https:\/\/prostor.kranj.si\/wp-content\/uploads\/2023\/02\/Picture2.png\" alt=\"\" width=\"18\" height=\"17\" \/>\u00a0se nam pojavi iskalno okno za parcele. Najprej v iskalno vrstico vpi\u0161emo katastrsko ob\u010dino ter nato \u0161e parcelno \u0161tevilko. S klikom na parcelo \u0161e potrdimo izbiro in pregledovalnik nas pribli\u017ea na iskano parcelo.<\/p>\t\t\t\t\t\t\t\t<\/div>\n\t\t\t\t<\/div>\n\t\t\t\t<div class=\"elementor-element elementor-element-bc38bd8 elementor-widget elementor-widget-image\" data-id=\"bc38bd8\" data-element_type=\"widget\" data-e-type=\"widget\" data-widget_type=\"image.default\">\n\t\t\t\t<div class=\"elementor-widget-container\">\n\t\t\t\t\t\t\t\t\t\t\t\t\t\t\t<img loading=\"lazy\" decoding=\"async\" width=\"605\" height=\"340\" src=\"https:\/\/prostor.kranj.si\/wp-content\/uploads\/2023\/02\/Picture3.png\" class=\"attachment-large size-large wp-image-1221\" alt=\"\" \/>\t\t\t\t\t\t\t\t\t\t\t\t\t\t\t<\/div>\n\t\t\t\t<\/div>\n\t\t\t\t<div class=\"elementor-element elementor-element-94f8798 elementor-widget elementor-widget-text-editor\" data-id=\"94f8798\" data-element_type=\"widget\" data-e-type=\"widget\" data-widget_type=\"text-editor.default\">\n\t\t\t\t<div class=\"elementor-widget-container\">\n\t\t\t\t\t\t\t\t\t<p>4. Vklop slojev in legende<\/p><p>Vklop in izklop posameznega sloja je mogo\u010d s klikom na okno <img loading=\"lazy\" decoding=\"async\" class=\"alignnone size-full wp-image-1223\" src=\"https:\/\/prostor.kranj.si\/wp-content\/uploads\/2023\/02\/Picture6.png\" alt=\"\" width=\"13\" height=\"15\" \/>, ki se nahaja na levi strani navedenega sloja. Legenda se vklopi s klikom na gumb <img loading=\"lazy\" decoding=\"async\" class=\"alignnone size-full wp-image-1224\" src=\"https:\/\/prostor.kranj.si\/wp-content\/uploads\/2023\/02\/Picture7.png\" alt=\"\" width=\"17\" height=\"15\" \/>, ki se nahaja na desni strani sloja.<\/p>\t\t\t\t\t\t\t\t<\/div>\n\t\t\t\t<\/div>\n\t\t\t\t<div class=\"elementor-element elementor-element-e48e83c elementor-widget elementor-widget-image\" data-id=\"e48e83c\" data-element_type=\"widget\" data-e-type=\"widget\" data-widget_type=\"image.default\">\n\t\t\t\t<div class=\"elementor-widget-container\">\n\t\t\t\t\t\t\t\t\t\t\t\t\t\t\t<img loading=\"lazy\" decoding=\"async\" width=\"640\" height=\"331\" src=\"https:\/\/prostor.kranj.si\/wp-content\/uploads\/2023\/02\/Picture4.png\" class=\"attachment-large size-large wp-image-1222\" alt=\"\" srcset=\"https:\/\/prostor.kranj.si\/wp-content\/uploads\/2023\/02\/Picture4.png 1384w, https:\/\/prostor.kranj.si\/wp-content\/uploads\/2023\/02\/Picture4-768x397.png 768w\" sizes=\"(max-width: 640px) 100vw, 640px\" \/>\t\t\t\t\t\t\t\t\t\t\t\t\t\t\t<\/div>\n\t\t\t\t<\/div>\n\t\t\t\t<div class=\"elementor-element elementor-element-70fe2cb elementor-widget elementor-widget-text-editor\" data-id=\"70fe2cb\" data-element_type=\"widget\" data-e-type=\"widget\" data-widget_type=\"text-editor.default\">\n\t\t\t\t<div class=\"elementor-widget-container\">\n\t\t\t\t\t\t\t\t\t<p>5. Dodatni rezultati poizvedovanja<\/p><p>V kolikor \u017eelite izvedeti \u0161e dodatne vsebine o iskani zadevi v enem od pregledovalnikov, to naredite s klikom na to obmo\u010dje in prika\u017eejo se vam \u0161e dodatni rezultati poizvedovanja.<\/p>\t\t\t\t\t\t\t\t<\/div>\n\t\t\t\t<\/div>\n\t\t\t\t<div class=\"elementor-element elementor-element-bbf2da1 elementor-widget elementor-widget-image\" data-id=\"bbf2da1\" data-element_type=\"widget\" data-e-type=\"widget\" data-widget_type=\"image.default\">\n\t\t\t\t<div class=\"elementor-widget-container\">\n\t\t\t\t\t\t\t\t\t\t\t\t\t\t\t<img loading=\"lazy\" decoding=\"async\" width=\"640\" height=\"318\" src=\"https:\/\/prostor.kranj.si\/wp-content\/uploads\/2023\/02\/Picture8.png\" class=\"attachment-large size-large wp-image-1225\" alt=\"\" srcset=\"https:\/\/prostor.kranj.si\/wp-content\/uploads\/2023\/02\/Picture8.png 1384w, https:\/\/prostor.kranj.si\/wp-content\/uploads\/2023\/02\/Picture8-768x381.png 768w\" sizes=\"(max-width: 640px) 100vw, 640px\" \/>\t\t\t\t\t\t\t\t\t\t\t\t\t\t\t<\/div>\n\t\t\t\t<\/div>\n\t\t\t\t\t<\/div>\n\t\t<\/div>\n\t\t\t\t\t<\/div>\n\t\t<\/section>\n\t\t\t\t<\/div>\n\t\t","protected":false},"excerpt":{"rendered":"<p>Prostorski portal Mestne ob\u010dine Kranj je zbirka interaktivnih tematskih zemljevidov z razli\u010dnimi tematikami, kot so namenska raba prostora in obmo\u010dja prostorskih aktov, prikaz stanja prostora, prikaz lokacij sistema KRsKOLESOM, prikaz cestnih zapor v Mestni ob\u010dini Kranj, prikaz javnih parkiri\u0161\u010d itd. Prikaz grafi\u010dnega pregledovalnika S klikom na enega od tematskih zemljevidov se nam odpre prostorski pregledovalnik, [&hellip;]<\/p>\n","protected":false},"author":5,"featured_media":0,"parent":0,"menu_order":0,"comment_status":"closed","ping_status":"closed","template":"","meta":{"footnotes":""},"class_list":["post-1216","page","type-page","status-publish","hentry"],"_links":{"self":[{"href":"https:\/\/prostor.kranj.si\/index.php?rest_route=\/wp\/v2\/pages\/1216","targetHints":{"allow":["GET"]}}],"collection":[{"href":"https:\/\/prostor.kranj.si\/index.php?rest_route=\/wp\/v2\/pages"}],"about":[{"href":"https:\/\/prostor.kranj.si\/index.php?rest_route=\/wp\/v2\/types\/page"}],"author":[{"embeddable":true,"href":"https:\/\/prostor.kranj.si\/index.php?rest_route=\/wp\/v2\/users\/5"}],"replies":[{"embeddable":true,"href":"https:\/\/prostor.kranj.si\/index.php?rest_route=%2Fwp%2Fv2%2Fcomments&post=1216"}],"version-history":[{"count":4,"href":"https:\/\/prostor.kranj.si\/index.php?rest_route=\/wp\/v2\/pages\/1216\/revisions"}],"predecessor-version":[{"id":1228,"href":"https:\/\/prostor.kranj.si\/index.php?rest_route=\/wp\/v2\/pages\/1216\/revisions\/1228"}],"wp:attachment":[{"href":"https:\/\/prostor.kranj.si\/index.php?rest_route=%2Fwp%2Fv2%2Fmedia&parent=1216"}],"curies":[{"name":"wp","href":"https:\/\/api.w.org\/{rel}","templated":true}]}}